{"id":1347,"date":"2024-05-29T09:08:17","date_gmt":"2024-05-29T07:08:17","guid":{"rendered":"https:\/\/moveathlon.com\/?page_id=1347"},"modified":"2024-06-19T13:57:01","modified_gmt":"2024-06-19T11:57:01","slug":"whitelabel-app","status":"publish","type":"page","link":"https:\/\/moveathlon.com\/en\/whitelabel-app\/","title":{"rendered":"Whitelabel App"},"content":{"rendered":"<div data-elementor-type=\"wp-page\" data-elementor-id=\"1347\" class=\"elementor elementor-1347\" data-elementor-post-type=\"page\">\n\t\t\t\t<div data-particle_enable=\"false\" data-particle-mobile-disabled=\"false\" class=\"elementor-element elementor-element-a7dfac4 e-flex e-con-boxed e-con e-child\" data-id=\"a7dfac4\" data-element_type=\"container\" data-e-type=\"container\" data-settings=\"{&quot;background_background&quot;:&quot;classic&quot;}\">\n\t\t\t\t\t<div class=\"e-con-inner\">\n\t\t<div data-particle_enable=\"false\" data-particle-mobile-disabled=\"false\" class=\"elementor-element elementor-element-6b1e63a e-con-full e-flex e-con e-child\" data-id=\"6b1e63a\" data-element_type=\"container\" data-e-type=\"container\">\n\t\t\t\t<div class=\"elementor-element elementor-element-8a2e0c8 elementor-view-stacked elementor-shape-circle elementor-widget elementor-widget-icon\" data-id=\"8a2e0c8\" data-element_type=\"widget\" data-e-type=\"widget\" data-widget_type=\"icon.default\">\n\t\t\t\t\t\t\t<div class=\"elementor-icon-wrapper\">\n\t\t\t<div class=\"elementor-icon\">\n\t\t\t<svg xmlns=\"http:\/\/www.w3.org\/2000\/svg\" width=\"24\" height=\"24\" viewbox=\"0 0 24 24\" fill=\"none\"><path fill-rule=\"evenodd\" clip-rule=\"evenodd\" d=\"M15.8385 1H8.16146C7.63433 0.999984 7.17954 0.999969 6.80497 1.03057C6.40963 1.06287 6.01641 1.13419 5.63803 1.32698C5.07354 1.6146 4.6146 2.07354 4.32698 2.63803C4.13419 3.01641 4.06287 3.40963 4.03057 3.80497C3.99997 4.17954 3.99998 4.63429 4 5.16142V18.8385C3.99998 19.3657 3.99997 19.8205 4.03057 20.195C4.06287 20.5904 4.13419 20.9836 4.32698 21.362C4.6146 21.9265 5.07354 22.3854 5.63803 22.673C6.01641 22.8658 6.40963 22.9371 6.80497 22.9694C7.17954 23 7.6343 23 8.16144 23H15.8386C16.3657 23 16.8205 23 17.195 22.9694C17.5904 22.9371 17.9836 22.8658 18.362 22.673C18.9265 22.3854 19.3854 21.9265 19.673 21.362C19.8658 20.9836 19.9371 20.5904 19.9694 20.195C20 19.8205 20 19.3658 20 18.8386V5.16148C20 4.63437 20 4.17952 19.9694 3.80497C19.9371 3.40963 19.8658 3.01641 19.673 2.63803C19.3854 2.07354 18.9265 1.6146 18.362 1.32698C17.9836 1.13419 17.5904 1.06287 17.195 1.03057C16.8205 0.999969 16.3657 0.999984 15.8385 1ZM12 16C11.1716 16 10.5 16.6716 10.5 17.5C10.5 18.3284 11.1716 19 12 19C12.8284 19 13.5 18.3284 13.5 17.5C13.5 16.6716 12.8284 16 12 16Z\" fill=\"white\"><\/path><\/svg>\t\t\t<\/div>\n\t\t<\/div>\n\t\t\t\t\t\t<\/div>\n\t\t\t\t<div class=\"elementor-element elementor-element-5ca2837 elementor-widget__width-inherit elementor-widget elementor-widget-heading\" data-id=\"5ca2837\" data-element_type=\"widget\" data-e-type=\"widget\" data-widget_type=\"heading.default\">\n\t\t\t\t\t<h1 class=\"elementor-heading-title elementor-size-default\">Whitelabel App<\/h1>\t\t\t\t<\/div>\n\t\t\t\t<div class=\"elementor-element elementor-element-8082729 elementor-widget__width-initial elementor-widget-tablet__width-inherit elementor-widget-mobile__width-inherit elementor-widget elementor-widget-text-editor\" data-id=\"8082729\" data-element_type=\"widget\" data-e-type=\"widget\" data-widget_type=\"text-editor.default\">\n\t\t\t\t\t\t\t\t\t<h4><span style=\"color: var( --e-global-color-0882a7d ); font-family: var( --e-global-typography-text-font-family ), Sans-serif; background-color: var( --e-global-color-primary );\">As we are already working on this solution to make it available, if you are interested, we can already talk about how you envision this implementation in your company and with your employees.<\/span><\/h4>\t\t\t\t\t\t\t\t<\/div>\n\t\t<div data-particle_enable=\"false\" data-particle-mobile-disabled=\"false\" class=\"elementor-element elementor-element-7292462 e-con-full e-flex elementor-invisible e-con e-child\" data-id=\"7292462\" data-element_type=\"container\" data-e-type=\"container\" data-settings=\"{&quot;animation&quot;:&quot;fadeIn&quot;,&quot;animation_delay&quot;:400}\">\n\t\t\t\t<div class=\"elementor-element elementor-element-c16051a elementor-mobile-align-justify elementor-widget-mobile__width-inherit elementor-widget__width-auto elementor-widget elementor-widget-button\" data-id=\"c16051a\" data-element_type=\"widget\" data-e-type=\"widget\" data-widget_type=\"button.default\">\n\t\t\t\t\t\t\t\t\t\t<a class=\"elementor-button elementor-button-link elementor-size-sm\" href=\"#\">\n\t\t\t\t\t\t<span class=\"elementor-button-content-wrapper\">\n\t\t\t\t\t\t\t\t\t<span class=\"elementor-button-text\">Arrange a demo<\/span>\n\t\t\t\t\t<\/span>\n\t\t\t\t\t<\/a>\n\t\t\t\t\t\t\t\t<\/div>\n\t\t\t\t<div class=\"elementor-element elementor-element-3a11fb1 elementor-mobile-align-justify elementor-align-justify elementor-widget-mobile__width-inherit elementor-widget__width-initial elementor-widget elementor-widget-button\" data-id=\"3a11fb1\" data-element_type=\"widget\" data-e-type=\"widget\" data-widget_type=\"button.default\">\n\t\t\t\t\t\t\t\t\t\t<a class=\"elementor-button elementor-button-link elementor-size-sm\" href=\"https:\/\/moveathlon.com\/en\/contact\/\">\n\t\t\t\t\t\t<span class=\"elementor-button-content-wrapper\">\n\t\t\t\t\t\t\t\t\t<span class=\"elementor-button-text\">Talk to us<\/span>\n\t\t\t\t\t<\/span>\n\t\t\t\t\t<\/a>\n\t\t\t\t\t\t\t\t<\/div>\n\t\t\t\t<\/div>\n\t\t\t\t<\/div>\n\t\t\t\t\t<\/div>\n\t\t\t\t<\/div>\n\t\t\t\t<\/div>","protected":false},"excerpt":{"rendered":"<p>Da wir bereits an dieser L\u00f6sung arbeiten, um sie verf\u00fcgbar zu machen, k\u00f6nnen wir, wenn du interessiert bist, gerne schon jetzt dar\u00fcber sprechen, wie du dir diese Implementierung in deinem Unternehmen und bei deinen Mitarbeitenden vorstellst. Demo vereinbaren Spricht mit uns<\/p>","protected":false},"author":2,"featured_media":0,"parent":0,"menu_order":0,"comment_status":"closed","ping_status":"closed","template":"","meta":{"footnotes":""},"class_list":["post-1347","page","type-page","status-publish","hentry"],"aioseo_notices":[],"_links":{"self":[{"href":"https:\/\/moveathlon.com\/en\/wp-json\/wp\/v2\/pages\/1347","targetHints":{"allow":["GET"]}}],"collection":[{"href":"https:\/\/moveathlon.com\/en\/wp-json\/wp\/v2\/pages"}],"about":[{"href":"https:\/\/moveathlon.com\/en\/wp-json\/wp\/v2\/types\/page"}],"author":[{"embeddable":true,"href":"https:\/\/moveathlon.com\/en\/wp-json\/wp\/v2\/users\/2"}],"replies":[{"embeddable":true,"href":"https:\/\/moveathlon.com\/en\/wp-json\/wp\/v2\/comments?post=1347"}],"version-history":[{"count":40,"href":"https:\/\/moveathlon.com\/en\/wp-json\/wp\/v2\/pages\/1347\/revisions"}],"predecessor-version":[{"id":4408,"href":"https:\/\/moveathlon.com\/en\/wp-json\/wp\/v2\/pages\/1347\/revisions\/4408"}],"wp:attachment":[{"href":"https:\/\/moveathlon.com\/en\/wp-json\/wp\/v2\/media?parent=1347"}],"curies":[{"name":"wp","href":"https:\/\/api.w.org\/{rel}","templated":true}]}}