{"id":4701,"date":"2024-07-09T13:21:57","date_gmt":"2024-07-09T11:21:57","guid":{"rendered":"https:\/\/moveathlon.com\/?page_id=4701"},"modified":"2024-07-10T09:46:35","modified_gmt":"2024-07-10T07:46:35","slug":"account-loeschen","status":"publish","type":"page","link":"https:\/\/moveathlon.com\/en\/account-loeschen\/","title":{"rendered":"How to delete your account"},"content":{"rendered":"<div data-elementor-type=\"wp-page\" data-elementor-id=\"4701\" class=\"elementor elementor-4701\" data-elementor-post-type=\"page\">\n\t\t\t\t<div data-particle_enable=\"false\" data-particle-mobile-disabled=\"false\" class=\"elementor-element elementor-element-bea9b89 e-flex e-con-boxed e-con e-child\" data-id=\"bea9b89\" data-element_type=\"container\" data-e-type=\"container\" data-settings=\"{&quot;background_background&quot;:&quot;classic&quot;}\">\n\t\t\t\t\t<div class=\"e-con-inner\">\n\t\t<div data-particle_enable=\"false\" data-particle-mobile-disabled=\"false\" class=\"elementor-element elementor-element-c4f2aae e-con-full e-flex e-con e-child\" data-id=\"c4f2aae\" data-element_type=\"container\" data-e-type=\"container\">\n\t\t\t\t<div class=\"elementor-element elementor-element-0e121ee elementor-view-stacked elementor-shape-circle elementor-widget elementor-widget-icon\" data-id=\"0e121ee\" data-element_type=\"widget\" data-e-type=\"widget\" data-widget_type=\"icon.default\">\n\t\t\t\t\t\t\t<div class=\"elementor-icon-wrapper\">\n\t\t\t<div class=\"elementor-icon\">\n\t\t\t<svg xmlns=\"http:\/\/www.w3.org\/2000\/svg\" width=\"24\" height=\"24\" viewbox=\"0 0 24 24\" fill=\"none\"><path fill-rule=\"evenodd\" clip-rule=\"evenodd\" d=\"M12 1C5.92487 1 1 5.92487 1 12C1 18.0751 5.92487 23 12 23C18.0751 23 23 18.0751 23 12C23 5.92487 18.0751 1 12 1ZM10.9066 8.27123C11.3138 8.03191 11.7926 7.94443 12.2581 8.02428C12.7236 8.10413 13.1459 8.34615 13.45 8.70749C13.7542 9.06883 13.9207 9.52615 13.92 9.99847L13.92 9.99996C13.92 10.4691 13.5549 10.9582 12.8653 11.4179C12.5509 11.6275 12.2294 11.7889 11.9826 11.8986C11.8606 11.9529 11.7603 11.9929 11.6929 12.0186C11.663 12.03 11.6329 12.041 11.6027 12.0516C11.0794 12.2267 10.7968 12.7926 10.9713 13.3162C11.146 13.8401 11.7123 14.1233 12.2362 13.9486L12.4049 13.8876C12.5015 13.8508 12.6356 13.7971 12.7949 13.7263C13.1105 13.586 13.5391 13.3724 13.9747 13.082C14.7849 12.5419 15.9195 11.5312 15.92 10.0009C15.9213 9.05644 15.5883 8.14201 14.9801 7.41949C14.3717 6.69682 13.5273 6.21277 12.5962 6.05307C11.6652 5.89337 10.7077 6.06833 9.89327 6.54696C9.07886 7.02559 8.46013 7.77701 8.14666 8.66812C7.96339 9.18911 8.23716 9.76002 8.75815 9.9433C9.27914 10.1266 9.85006 9.85279 10.0333 9.33181C10.1901 8.88625 10.4994 8.51054 10.9066 8.27123ZM12 16C11.4477 16 11 16.4477 11 17C11 17.5522 11.4477 18 12 18H12.01C12.5623 18 13.01 17.5522 13.01 17C13.01 16.4477 12.5623 16 12.01 16H12Z\" fill=\"white\"><\/path><\/svg>\t\t\t<\/div>\n\t\t<\/div>\n\t\t\t\t\t\t<\/div>\n\t\t\t\t<div class=\"elementor-element elementor-element-c6dabc1 elementor-widget__width-inherit elementor-widget elementor-widget-heading\" data-id=\"c6dabc1\" data-element_type=\"widget\" data-e-type=\"widget\" data-widget_type=\"heading.default\">\n\t\t\t\t\t<h1 class=\"elementor-heading-title elementor-size-default\">How to delete your account<\/h1>\t\t\t\t<\/div>\n\t\t\t\t<div class=\"elementor-element elementor-element-8d71e48 elementor-widget__width-inherit elementor-widget elementor-widget-heading\" data-id=\"8d71e48\" data-element_type=\"widget\" data-e-type=\"widget\" data-widget_type=\"heading.default\">\n\t\t\t\t\t<h1 class=\"elementor-heading-title elementor-size-default\">Here you can find the instructions for deleting your Moveathlon account.<\/h1>\t\t\t\t<\/div>\n\t\t\t\t<\/div>\n\t\t\t\t\t<\/div>\n\t\t\t\t<\/div>\n\t\t<div data-particle_enable=\"false\" data-particle-mobile-disabled=\"false\" class=\"elementor-element elementor-element-584d664 e-flex e-con-boxed e-con e-child\" data-id=\"584d664\" data-element_type=\"container\" data-e-type=\"container\" data-settings=\"{&quot;background_background&quot;:&quot;classic&quot;}\">\n\t\t\t\t\t<div class=\"e-con-inner\">\n\t\t<div data-particle_enable=\"false\" data-particle-mobile-disabled=\"false\" class=\"elementor-element elementor-element-d40dbd2 e-con-full e-flex e-con e-child\" data-id=\"d40dbd2\" data-element_type=\"container\" data-e-type=\"container\" data-settings=\"{&quot;background_background&quot;:&quot;classic&quot;}\">\n\t\t\t\t<div class=\"elementor-element elementor-element-c28f494 elementor-widget__width-inherit elementor-widget-tablet__width-inherit elementor-widget elementor-widget-text-editor\" data-id=\"c28f494\" data-element_type=\"widget\" data-e-type=\"widget\" data-widget_type=\"text-editor.default\">\n\t\t\t\t\t\t\t\t\t<p>In accordance with Article 17 of the General Data Protection Regulation (GDPR), you have the right to delete your user account at any time. We want to make sure that you are aware of this right and explain the process for deleting your account.<\/p><p>\u00a0<\/p><p>To delete your user account, please follow these steps:<\/p><ul><li>Open the settings in the app (cogwheel symbol top right).<\/li><li>Search for the \"Delete account\" option and tap on it.<\/li><li>Confirm your decision when prompted to do so. Please note that deleting your account will result in all your stored data, including your profile, your activities and your settings, being irrevocably deleted.<\/li><li>Check the information provided carefully as there is no way to recover your account after deletion.<\/li><\/ul><div>\u00a0<\/div><p>Please note that we treat your personal data in accordance with data protection regulations and only store it for as long as is necessary for the purpose of the app and to comply with legal requirements. By deleting your account, your data will be deleted in accordance with legal requirements.<\/p><p>\u00a0<\/p><p>\u00a0<\/p><p>If you have any difficulties or further questions about deleting your user account, please do not hesitate to contact our customer support at support@moveathlon.com. We will be happy to help you further.<\/p>\t\t\t\t\t\t\t\t<\/div>\n\t\t\t\t<\/div>\n\t\t\t\t<div class=\"elementor-element elementor-element-0aee462 separator-w-message elementor-widget-divider--view-line elementor-widget elementor-widget-divider\" data-id=\"0aee462\" data-element_type=\"widget\" data-e-type=\"widget\" data-widget_type=\"divider.default\">\n\t\t\t\t\t\t\t<div class=\"elementor-divider\">\n\t\t\t<span class=\"elementor-divider-separator\">\n\t\t\t\t\t\t<\/span>\n\t\t<\/div>\n\t\t\t\t\t\t<\/div>\n\t\t<div data-particle_enable=\"false\" data-particle-mobile-disabled=\"false\" class=\"elementor-element elementor-element-3db77e2 e-con-full e-flex e-con e-child\" data-id=\"3db77e2\" data-element_type=\"container\" data-e-type=\"container\">\n\t\t<div data-particle_enable=\"false\" data-particle-mobile-disabled=\"false\" class=\"elementor-element elementor-element-a3c7d3a e-con-full e-flex e-con e-child\" data-id=\"a3c7d3a\" data-element_type=\"container\" data-e-type=\"container\">\n\t\t\t\t<div class=\"elementor-element elementor-element-bbcac21 elementor-widget__width-inherit elementor-widget elementor-widget-heading\" data-id=\"bbcac21\" data-element_type=\"widget\" data-e-type=\"widget\" data-widget_type=\"heading.default\">\n\t\t\t\t\t<h2 class=\"elementor-heading-title elementor-size-default\">Step 1<\/h2>\t\t\t\t<\/div>\n\t\t\t\t<div class=\"elementor-element elementor-element-a904f76 elementor-widget__width-inherit elementor-widget elementor-widget-image\" data-id=\"a904f76\" data-element_type=\"widget\" data-e-type=\"widget\" data-widget_type=\"image.default\">\n\t\t\t\t\t\t\t\t\t\t\t\t\t\t\t<img fetchpriority=\"high\" decoding=\"async\" width=\"533\" height=\"1080\" src=\"https:\/\/moveathlon.com\/wp-content\/uploads\/2024\/07\/delete-account-step-1.png\" class=\"attachment-full size-full wp-image-4711\" alt=\"\" srcset=\"https:\/\/moveathlon.com\/wp-content\/uploads\/2024\/07\/delete-account-step-1.png 533w, https:\/\/moveathlon.com\/wp-content\/uploads\/2024\/07\/delete-account-step-1-148x300.png 148w, https:\/\/moveathlon.com\/wp-content\/uploads\/2024\/07\/delete-account-step-1-505x1024.png 505w, https:\/\/moveathlon.com\/wp-content\/uploads\/2024\/07\/delete-account-step-1-6x12.png 6w\" sizes=\"(max-width: 533px) 100vw, 533px\" \/>\t\t\t\t\t\t\t\t\t\t\t\t\t\t\t<\/div>\n\t\t\t\t<\/div>\n\t\t\t\t<div class=\"elementor-element elementor-element-d94bca1 elementor-widget__width-initial elementor-view-default elementor-widget elementor-widget-icon\" data-id=\"d94bca1\" data-element_type=\"widget\" data-e-type=\"widget\" data-widget_type=\"icon.default\">\n\t\t\t\t\t\t\t<div class=\"elementor-icon-wrapper\">\n\t\t\t<div class=\"elementor-icon\">\n\t\t\t<svg aria-hidden=\"true\" class=\"e-font-icon-svg e-fas-angle-double-right\" viewbox=\"0 0 448 512\" xmlns=\"http:\/\/www.w3.org\/2000\/svg\"><path d=\"M224.3 273l-136 136c-9.4 9.4-24.6 9.4-33.9 0l-22.6-22.6c-9.4-9.4-9.4-24.6 0-33.9l96.4-96.4-96.4-96.4c-9.4-9.4-9.4-24.6 0-33.9L54.3 103c9.4-9.4 24.6-9.4 33.9 0l136 136c9.5 9.4 9.5 24.6.1 34zm192-34l-136-136c-9.4-9.4-24.6-9.4-33.9 0l-22.6 22.6c-9.4 9.4-9.4 24.6 0 33.9l96.4 96.4-96.4 96.4c-9.4 9.4-9.4 24.6 0 33.9l22.6 22.6c9.4 9.4 24.6 9.4 33.9 0l136-136c9.4-9.2 9.4-24.4 0-33.8z\"><\/path><\/svg>\t\t\t<\/div>\n\t\t<\/div>\n\t\t\t\t\t\t<\/div>\n\t\t<div data-particle_enable=\"false\" data-particle-mobile-disabled=\"false\" class=\"elementor-element elementor-element-688d3ee e-con-full e-flex e-con e-child\" data-id=\"688d3ee\" data-element_type=\"container\" data-e-type=\"container\">\n\t\t\t\t<div class=\"elementor-element elementor-element-43359b3 elementor-widget__width-inherit elementor-widget elementor-widget-heading\" data-id=\"43359b3\" data-element_type=\"widget\" data-e-type=\"widget\" data-widget_type=\"heading.default\">\n\t\t\t\t\t<h2 class=\"elementor-heading-title elementor-size-default\">Step 2<\/h2>\t\t\t\t<\/div>\n\t\t\t\t<div class=\"elementor-element elementor-element-de0489e elementor-widget__width-inherit elementor-widget elementor-widget-image\" data-id=\"de0489e\" data-element_type=\"widget\" data-e-type=\"widget\" data-widget_type=\"image.default\">\n\t\t\t\t\t\t\t\t\t\t\t\t\t\t\t<img decoding=\"async\" width=\"533\" height=\"1080\" src=\"https:\/\/moveathlon.com\/wp-content\/uploads\/2024\/07\/delete-account-step-2.png\" class=\"attachment-full size-full wp-image-4712\" alt=\"\" srcset=\"https:\/\/moveathlon.com\/wp-content\/uploads\/2024\/07\/delete-account-step-2.png 533w, https:\/\/moveathlon.com\/wp-content\/uploads\/2024\/07\/delete-account-step-2-148x300.png 148w, https:\/\/moveathlon.com\/wp-content\/uploads\/2024\/07\/delete-account-step-2-505x1024.png 505w, https:\/\/moveathlon.com\/wp-content\/uploads\/2024\/07\/delete-account-step-2-6x12.png 6w\" sizes=\"(max-width: 533px) 100vw, 533px\" \/>\t\t\t\t\t\t\t\t\t\t\t\t\t\t\t<\/div>\n\t\t\t\t<\/div>\n\t\t\t\t<\/div>\n\t\t\t\t\t<\/div>\n\t\t\t\t<\/div>\n\t\t\t\t<\/div>","protected":false},"excerpt":{"rendered":"<p>Hier findest du die Anleitung zum L\u00f6schen Ihres Moveathlon-Kontos. Gem\u00e4\u00df Artikel 17 der Datenschutz-Grundverordnung (DSGVO) hast du das Recht, dein Benutzerkonto jederzeit zu l\u00f6schen. Wir m\u00f6chten sicherstellen, dass du \u00fcber dieses Recht informiert bist und erkl\u00e4ren dir den Prozess zur L\u00f6schung deines Kontos. \u00a0 Um dein Benutzerkonto zu l\u00f6schen, folge bitte diesen Schritten: \u00d6ffne in [&hellip;]<\/p>","protected":false},"author":2,"featured_media":0,"parent":0,"menu_order":0,"comment_status":"closed","ping_status":"closed","template":"","meta":{"footnotes":""},"class_list":["post-4701","page","type-page","status-publish","hentry"],"aioseo_notices":[],"_links":{"self":[{"href":"https:\/\/moveathlon.com\/en\/wp-json\/wp\/v2\/pages\/4701","targetHints":{"allow":["GET"]}}],"collection":[{"href":"https:\/\/moveathlon.com\/en\/wp-json\/wp\/v2\/pages"}],"about":[{"href":"https:\/\/moveathlon.com\/en\/wp-json\/wp\/v2\/types\/page"}],"author":[{"embeddable":true,"href":"https:\/\/moveathlon.com\/en\/wp-json\/wp\/v2\/users\/2"}],"replies":[{"embeddable":true,"href":"https:\/\/moveathlon.com\/en\/wp-json\/wp\/v2\/comments?post=4701"}],"version-history":[{"count":13,"href":"https:\/\/moveathlon.com\/en\/wp-json\/wp\/v2\/pages\/4701\/revisions"}],"predecessor-version":[{"id":4718,"href":"https:\/\/moveathlon.com\/en\/wp-json\/wp\/v2\/pages\/4701\/revisions\/4718"}],"wp:attachment":[{"href":"https:\/\/moveathlon.com\/en\/wp-json\/wp\/v2\/media?parent=4701"}],"curies":[{"name":"wp","href":"https:\/\/api.w.org\/{rel}","templated":true}]}}